{"id":112,"date":"2020-05-29T10:00:15","date_gmt":"2020-05-29T10:00:15","guid":{"rendered":"http:\/\/pkmaja.ee\/?page_id=112"},"modified":"2020-09-06T09:03:27","modified_gmt":"2020-09-06T09:03:27","slug":"mattiase-pohikool","status":"publish","type":"page","link":"http:\/\/pkmaja.ee\/ru\/mattiase-pohikool\/","title":{"rendered":"Mattiase P\u00f5hikool"},"content":{"rendered":"<figure class=\"wp-block-image size-medium\"><img loading=\"lazy\" decoding=\"async\" width=\"300\" height=\"156\" src=\"http:\/\/www.pkmaja.ee\/wp-content\/uploads\/2018\/08\/mattiase_pohikool_logo-011-300x156.jpg\" alt=\"\" class=\"wp-image-7\" srcset=\"http:\/\/www.pkmaja.ee\/wp-content\/uploads\/2018\/08\/mattiase_pohikool_logo-011-300x156.jpg 300w, http:\/\/www.pkmaja.ee\/wp-content\/uploads\/2018\/08\/mattiase_pohikool_logo-011-768x401.jpg 768w, http:\/\/www.pkmaja.ee\/wp-content\/uploads\/2018\/08\/mattiase_pohikool_logo-011-1024x534.jpg 1024w, http:\/\/www.pkmaja.ee\/wp-content\/uploads\/2018\/08\/mattiase_pohikool_logo-011.jpg 1204w\" sizes=\"(max-width: 300px) 100vw, 300px\" \/><figcaption>MT\u00dc P\u00f5lvkondade Maja oli Mattiase P\u00f5hikooli pidaja aastatel 2013 kuni 2020 .<\/figcaption><\/figure>","protected":false},"excerpt":{"rendered":"","protected":false},"author":1,"featured_media":0,"parent":0,"menu_order":0,"comment_status":"closed","ping_status":"closed","template":"","meta":{"ngg_post_thumbnail":0,"footnotes":""},"_links":{"self":[{"href":"http:\/\/pkmaja.ee\/ru\/wp-json\/wp\/v2\/pages\/112"}],"collection":[{"href":"http:\/\/pkmaja.ee\/ru\/wp-json\/wp\/v2\/pages"}],"about":[{"href":"http:\/\/pkmaja.ee\/ru\/wp-json\/wp\/v2\/types\/page"}],"author":[{"embeddable":true,"href":"http:\/\/pkmaja.ee\/ru\/wp-json\/wp\/v2\/users\/1"}],"replies":[{"embeddable":true,"href":"http:\/\/pkmaja.ee\/ru\/wp-json\/wp\/v2\/comments?post=112"}],"version-history":[{"count":4,"href":"http:\/\/pkmaja.ee\/ru\/wp-json\/wp\/v2\/pages\/112\/revisions"}],"predecessor-version":[{"id":164,"href":"http:\/\/pkmaja.ee\/ru\/wp-json\/wp\/v2\/pages\/112\/revisions\/164"}],"wp:attachment":[{"href":"http:\/\/pkmaja.ee\/ru\/wp-json\/wp\/v2\/media?parent=112"}],"curies":[{"name":"wp","href":"https:\/\/api.w.org\/{rel}","templated":true}]}}